{"id":208,"date":"2023-07-12T19:29:25","date_gmt":"2023-07-12T17:29:25","guid":{"rendered":"https:\/\/zubarknm.sk\/?page_id=208"},"modified":"2023-08-03T16:04:18","modified_gmt":"2023-08-03T14:04:18","slug":"dentalne-korekcie","status":"publish","type":"page","link":"https:\/\/zubarknm.sk\/en\/dentalne-korekcie\/","title":{"rendered":"Dental procedures"},"content":{"rendered":"<p>[et_pb_section fb_built=&#8220;1&#8243; custom_padding_last_edited=&#8220;on|phone&#8220; next_background_color=&#8220;#ffffff&#8220; admin_label=&#8220;Header&#8220; _builder_version=&#8220;3.22&#8243; use_background_color_gradient=&#8220;on&#8220; background_color_gradient_start=&#8220;#f6f7fa&#8220; background_color_gradient_end=&#8220;rgba(255,255,255,0)&#8220; background_color_gradient_direction=&#8220;110deg&#8220; background_color_gradient_start_position=&#8220;30%&#8220; background_color_gradient_overlays_image=&#8220;on&#8220; background_image=&#8220;https:\/\/zubarknm.sk\/wp-content\/uploads\/2023\/07\/dentist-25.jpg&#8220; background_position=&#8220;center_right&#8220; custom_margin=&#8220;|||&#8220; custom_padding=&#8220;6vw||6vw||true|false&#8220; custom_padding_tablet=&#8220;||||false|false&#8220; custom_padding_phone=&#8220;||||false|false&#8220; bottom_divider_style=&#8220;wave&#8220; bottom_divider_height=&#8220;14px&#8220; bottom_divider_repeat=&#8220;28x&#8220; bottom_divider_repeat_tablet=&#8220;14x&#8220; bottom_divider_repeat_phone=&#8220;7x&#8220; bottom_divider_repeat_last_edited=&#8220;on|phone&#8220;][et_pb_row _builder_version=&#8220;3.25&#8243;][et_pb_column type=&#8220;4_4&#8243; _builder_version=&#8220;3.25&#8243; custom_padding=&#8220;|||&#8220; custom_padding__hover=&#8220;|||&#8220;][et_pb_text _builder_version=&#8220;3.27.4&#8243; text_font=&#8220;||||||||&#8220; header_font=&#8220;Cantata One||||||||&#8220; header_font_size=&#8220;50px&#8220; header_line_height=&#8220;1.4em&#8220; header_2_font=&#8220;||||||||&#8220; header_2_text_color=&#8220;rgba(0,0,0,0.35)&#8220; header_2_font_size=&#8220;20px&#8220; header_2_line_height=&#8220;1.6em&#8220; max_width=&#8220;500px&#8220; animation_style=&#8220;slide&#8220; animation_direction=&#8220;bottom&#8220; header_font_size_tablet=&#8220;35px&#8220; header_font_size_phone=&#8220;25px&#8220; header_font_size_last_edited=&#8220;on|desktop&#8220;]<\/p>\n<h1>Dental procedures<\/h1>\n<h2><\/h2>\n<p>[\/et_pb_text][\/et_pb_column][\/et_pb_row][et_pb_row column_structure=&#8220;1_4,1_4,1_4,1_4&#8243; use_custom_gutter=&#8220;on&#8220; gutter_width=&#8220;2&#8243; _builder_version=&#8220;3.25&#8243; custom_margin=&#8220;60px|||&#8220; locked=&#8220;off&#8220;][et_pb_column type=&#8220;1_4&#8243; _builder_version=&#8220;3.25&#8243; custom_padding=&#8220;|||&#8220; custom_padding__hover=&#8220;|||&#8220;][et_pb_blurb title=&#8220;Modern\u00e9 met\u00f3dy&#8220; use_icon=&#8220;on&#8220; font_icon=&#8220;%%111%%&#8220; icon_color=&#8220;#0079ff&#8220; icon_placement=&#8220;left&#8220; _builder_version=&#8220;3.13&#8243; header_level=&#8220;h3&#8243; header_font=&#8220;Cantata One||||||||&#8220; header_font_size=&#8220;20px&#8220; header_line_height=&#8220;1.6em&#8220; body_font=&#8220;Open Sans||||||||&#8220; body_line_height=&#8220;2em&#8220; animation=&#8220;off&#8220;][\/et_pb_blurb][\/et_pb_column][et_pb_column type=&#8220;1_4&#8243; _builder_version=&#8220;3.25&#8243; custom_padding=&#8220;|||&#8220; custom_padding__hover=&#8220;|||&#8220;][et_pb_blurb title=&#8220;Inovat\u00edvne technol\u00f3gie&#8220; use_icon=&#8220;on&#8220; font_icon=&#8220;%%101%%&#8220; icon_color=&#8220;#0079ff&#8220; icon_placement=&#8220;left&#8220; _builder_version=&#8220;3.13&#8243; header_level=&#8220;h3&#8243; header_font=&#8220;Cantata One||||||||&#8220; header_font_size=&#8220;20px&#8220; header_line_height=&#8220;1.6em&#8220; body_font=&#8220;Open Sans||||||||&#8220; body_line_height=&#8220;2em&#8220; width=&#8220;100%&#8220; animation=&#8220;off&#8220;][\/et_pb_blurb][\/et_pb_column][et_pb_column type=&#8220;1_4&#8243; _builder_version=&#8220;3.25&#8243; custom_padding=&#8220;|||&#8220; custom_padding__hover=&#8220;|||&#8220;][et_pb_blurb title=&#8220;Sk\u00fasen\u00ed \u0161pecialisti&#8220; use_icon=&#8220;on&#8220; font_icon=&#8220;%%151%%&#8220; icon_color=&#8220;#0079ff&#8220; icon_placement=&#8220;left&#8220; _builder_version=&#8220;3.13&#8243; header_level=&#8220;h3&#8243; header_font=&#8220;Cantata One||||||||&#8220; header_font_size=&#8220;20px&#8220; header_line_height=&#8220;1.6em&#8220; body_font=&#8220;Open Sans||||||||&#8220; body_line_height=&#8220;2em&#8220; animation=&#8220;off&#8220;][\/et_pb_blurb][\/et_pb_column][et_pb_column type=&#8220;1_4&#8243; _builder_version=&#8220;3.25&#8243; custom_padding=&#8220;|||&#8220; custom_padding__hover=&#8220;|||&#8220;][\/et_pb_column][\/et_pb_row][\/et_pb_section][et_pb_section fb_built=&#8220;1&#8243; admin_label=&#8220;Services&#8220; _builder_version=&#8220;3.22&#8243; use_background_color_gradient=&#8220;on&#8220; background_color_gradient_start=&#8220;#ffffff&#8220; background_color_gradient_end=&#8220;#f3f5fa&#8220; locked=&#8220;off&#8220;][et_pb_row column_structure=&#8220;1_3,1_3,1_3&#8243; _builder_version=&#8220;3.25&#8243; locked=&#8220;off&#8220;][et_pb_column type=&#8220;1_3&#8243; _builder_version=&#8220;3.25&#8243; custom_padding=&#8220;|||&#8220; custom_padding__hover=&#8220;|||&#8220;][et_pb_image src=&#8220;https:\/\/zubarknm.sk\/wp-content\/uploads\/2021\/01\/dentist-icon-6.png&#8220; align_tablet=&#8220;center&#8220; align_phone=&#8220;&#8220; align_last_edited=&#8220;on|desktop&#8220; _builder_version=&#8220;3.23&#8243; custom_margin=&#8220;|20px|0px|20px||true&#8220;][\/et_pb_image][et_pb_text _builder_version=&#8220;3.27.4&#8243; text_font=&#8220;Open Sans||||||||&#8220; text_line_height=&#8220;2em&#8220; link_font=&#8220;||||||||&#8220; ul_font=&#8220;||||||||&#8220; ol_font=&#8220;||||||||&#8220; header_font=&#8220;||||||||&#8220; header_2_font=&#8220;||||||||&#8220; header_3_font=&#8220;Cantata One||||||||&#8220; header_3_font_size=&#8220;20px&#8220; header_3_line_height=&#8220;1.6em&#8220; header_4_font=&#8220;||||||||&#8220; header_5_font=&#8220;||||||||&#8220; header_6_font=&#8220;||||||||&#8220; use_background_color_gradient=&#8220;on&#8220; background_color_gradient_start=&#8220;rgba(255,255,255,0)&#8220; background_color_gradient_end=&#8220;#ffffff&#8220; custom_margin=&#8220;|||&#8220; custom_padding=&#8220;30px|30px|30px|30px|true|true&#8220; custom_padding_phone=&#8220;|||&#8220; custom_padding_last_edited=&#8220;off|desktop&#8220; header_3_font_size_tablet=&#8220;&#8220; header_3_font_size_phone=&#8220;25px&#8220; header_3_font_size_last_edited=&#8220;on|phone&#8220; border_radii=&#8220;|||10px|10px&#8220; box_shadow_style=&#8220;preset1&#8243; box_shadow_vertical=&#8220;40px&#8220; box_shadow_blur=&#8220;60px&#8220; box_shadow_color=&#8220;rgba(0,64,135,0.06)&#8220; locked=&#8220;off&#8220;]<\/p>\n<h3>Prevention<\/h3>\n<p><span>Prevention includes <strong><span style=\"text-decoration: underline;\">preventive check-ups<\/span><\/strong>, which are essential steps for maintaining oral health. As part of <span style=\"text-decoration: underline;\"><strong>initial examination<\/strong><\/span> the dentist will thoroughly inspect the teeth and gums to identify potential problems or existing decay. To do this, he or she may use <span style=\"text-decoration: underline;\"><strong>X-ray images<\/strong><\/span>, which provide a more detailed view of the condition of the bones and tooth roots, which is important in diagnosing hidden problems.\u00a0<\/span><\/p>\n<p>[\/et_pb_text][\/et_pb_column][et_pb_column type=&#8220;1_3&#8243; _builder_version=&#8220;3.25&#8243; custom_padding=&#8220;|||&#8220; custom_padding__hover=&#8220;|||&#8220;][et_pb_image src=&#8220;https:\/\/zubarknm.sk\/wp-content\/uploads\/2021\/01\/dentist-icon-3.png&#8220; align_tablet=&#8220;center&#8220; align_phone=&#8220;&#8220; align_last_edited=&#8220;on|desktop&#8220; _builder_version=&#8220;3.23&#8243; custom_margin=&#8220;|20px|0px|20px||true&#8220;][\/et_pb_image][et_pb_text _builder_version=&#8220;3.27.4&#8243; text_font=&#8220;Open Sans||||||||&#8220; text_line_height=&#8220;2em&#8220; header_font=&#8220;||||||||&#8220; header_3_font=&#8220;Cantata One||||||||&#8220; header_3_font_size=&#8220;20px&#8220; header_3_line_height=&#8220;1.6em&#8220; use_background_color_gradient=&#8220;on&#8220; background_color_gradient_start=&#8220;rgba(255,255,255,0)&#8220; background_color_gradient_end=&#8220;#ffffff&#8220; custom_margin=&#8220;|||&#8220; custom_padding=&#8220;30px|30px|30px|30px|true|true&#8220; custom_padding_phone=&#8220;|||&#8220; custom_padding_last_edited=&#8220;off|desktop&#8220; header_3_font_size_tablet=&#8220;&#8220; header_3_font_size_phone=&#8220;25px&#8220; header_3_font_size_last_edited=&#8220;on|phone&#8220; border_radii=&#8220;|||10px|10px&#8220; box_shadow_style=&#8220;preset1&#8243; box_shadow_vertical=&#8220;40px&#8220; box_shadow_blur=&#8220;60px&#8220; box_shadow_color=&#8220;rgba(0,64,135,0.06)&#8220; locked=&#8220;off&#8220;]<\/p>\n<h3>Dental aesthetics<\/h3>\n<p><span><span style=\"text-decoration: underline;\"><strong>Teeth whitening<\/strong><\/span> helps remove plaque and discolouration from teeth, resulting in a brighter, more radiant smile. Another option is the usage of <span style=\"text-decoration: underline;\"><strong>facets<\/strong><\/span>, thin covers made of ceramic or composite that are placed on the front of the teeth to hide irregularities. To improve the shape and strength of the teeth we use <span style=\"text-decoration: underline;\"><strong>dental crowns<\/strong><\/span>, which are made of a special material and contribute to an aesthetically pleasing smile.<\/span><\/p>\n<p>[\/et_pb_text][\/et_pb_column][et_pb_column type=&#8220;1_3&#8243; _builder_version=&#8220;3.25&#8243; custom_padding=&#8220;|||&#8220; custom_padding__hover=&#8220;|||&#8220;][et_pb_image src=&#8220;https:\/\/zubarknm.sk\/wp-content\/uploads\/2023\/07\/dentist-icon-2-1.png&#8220; align_tablet=&#8220;center&#8220; align_phone=&#8220;&#8220; align_last_edited=&#8220;on|desktop&#8220; _builder_version=&#8220;4.7.7&#8243; custom_margin=&#8220;|20px|0px|20px||true&#8220;][\/et_pb_image][et_pb_text _builder_version=&#8220;3.27.4&#8243; text_font=&#8220;Open Sans||||||||&#8220; text_line_height=&#8220;2em&#8220; header_font=&#8220;||||||||&#8220; header_3_font=&#8220;Cantata One||||||||&#8220; header_3_font_size=&#8220;20px&#8220; header_3_line_height=&#8220;1.6em&#8220; use_background_color_gradient=&#8220;on&#8220; background_color_gradient_start=&#8220;rgba(255,255,255,0)&#8220; background_color_gradient_end=&#8220;#ffffff&#8220; custom_margin=&#8220;|||&#8220; custom_padding=&#8220;30px|30px|30px|30px|true|true&#8220; custom_padding_phone=&#8220;|||&#8220; custom_padding_last_edited=&#8220;off|desktop&#8220; header_3_font_size_tablet=&#8220;&#8220; header_3_font_size_phone=&#8220;25px&#8220; header_3_font_size_last_edited=&#8220;on|phone&#8220; border_radii=&#8220;|||10px|10px&#8220; box_shadow_style=&#8220;preset1&#8243; box_shadow_vertical=&#8220;40px&#8220; box_shadow_blur=&#8220;60px&#8220; box_shadow_color=&#8220;rgba(0,64,135,0.06)&#8220; locked=&#8220;off&#8220;]<\/p>\n<h3>Dentures<\/h3>\n<p><span>Dentures restore the aesthetics and function of the oral cavity in the case of missing teeth. <span style=\"text-decoration: underline;\"><strong>Fixed prosthesis (crown)<\/strong><\/span>, is a permanent replacement of one tooth and is permanently fixed to the tooth root. <span style=\"text-decoration: underline;\"><strong>Removable prosthesis<\/strong><\/span> is flexible and can be removed and inserted into the mouth as needed, it is used to replace missing teeth throughout the jaw. <span style=\"text-decoration: underline;\"><strong>A bridge<\/strong><\/span> is a denture that rests on adjacent teeth and replaces one or more missing teeth.<\/span><\/p>\n<p>[\/et_pb_text][\/et_pb_column][\/et_pb_row][et_pb_row column_structure=&#8220;1_3,1_3,1_3&#8243; _builder_version=&#8220;3.25&#8243; custom_margin=&#8220;40px||40px||true&#8220; locked=&#8220;off&#8220;][et_pb_column type=&#8220;1_3&#8243; _builder_version=&#8220;3.25&#8243; custom_padding=&#8220;|||&#8220; custom_padding__hover=&#8220;|||&#8220;][et_pb_image src=&#8220;https:\/\/zubarknm.sk\/wp-content\/uploads\/2021\/01\/dentist-icon-5.png&#8220; align_tablet=&#8220;center&#8220; align_phone=&#8220;&#8220; align_last_edited=&#8220;on|desktop&#8220; _builder_version=&#8220;3.23&#8243; custom_margin=&#8220;|20px|0px|20px||true&#8220;][\/et_pb_image][et_pb_text _builder_version=&#8220;4.7.7&#8243; text_font=&#8220;Open Sans||||||||&#8220; text_line_height=&#8220;2em&#8220; link_font=&#8220;||||||||&#8220; ul_font=&#8220;||||||||&#8220; ol_font=&#8220;||||||||&#8220; header_font=&#8220;||||||||&#8220; header_2_font=&#8220;||||||||&#8220; header_3_font=&#8220;Cantata One||||||||&#8220; header_3_font_size=&#8220;20px&#8220; header_3_line_height=&#8220;1.6em&#8220; header_4_font=&#8220;||||||||&#8220; header_5_font=&#8220;||||||||&#8220; header_6_font=&#8220;||||||||&#8220; use_background_color_gradient=&#8220;on&#8220; background_color_gradient_start=&#8220;rgba(255,255,255,0)&#8220; background_color_gradient_end=&#8220;#ffffff&#8220; custom_margin=&#8220;|||&#8220; custom_padding=&#8220;30px|30px|30px|30px|true|true&#8220; custom_padding_phone=&#8220;|||&#8220; custom_padding_last_edited=&#8220;off|desktop&#8220; header_3_font_size_tablet=&#8220;&#8220; header_3_font_size_phone=&#8220;25px&#8220; header_3_font_size_last_edited=&#8220;on|phone&#8220; border_radii=&#8220;|||10px|10px&#8220; box_shadow_style=&#8220;preset1&#8243; box_shadow_vertical=&#8220;40px&#8220; box_shadow_blur=&#8220;60px&#8220; box_shadow_color=&#8220;rgba(0,64,135,0.06)&#8220; locked=&#8220;off&#8220;]<\/p>\n<h3>Dental hygiene<\/h3>\n<p><span>Dental hygiene at the dentist includes professional <span style=\"text-decoration: underline;\"><strong>tartar removal<\/strong><\/span>, which is an important step in preventing serious gum and tooth problems. In addition, dentists provide a service of <span style=\"text-decoration: underline;\"><strong>teeth whitening<\/strong><\/span>, which helps to improve the aesthetics of the smile and eliminate colour deviations. For\u00a0<span style=\"text-decoration: underline;\"><strong>children<\/strong><\/span> regular visits to the dentist to provide them with proper care and education about good dental hygiene from an early age are important. It is recommended to go for dental hygiene twice a year.<\/span><\/p>\n<p>[\/et_pb_text][\/et_pb_column][et_pb_column type=&#8220;1_3&#8243; _builder_version=&#8220;3.25&#8243; custom_padding=&#8220;|||&#8220; custom_padding__hover=&#8220;|||&#8220;][et_pb_image src=&#8220;https:\/\/zubarknm.sk\/wp-content\/uploads\/2021\/01\/dentist-icon-1.png&#8220; align_tablet=&#8220;center&#8220; align_phone=&#8220;&#8220; align_last_edited=&#8220;on|desktop&#8220; _builder_version=&#8220;3.23&#8243; custom_margin=&#8220;|20px|0px|20px||true&#8220;][\/et_pb_image][et_pb_text _builder_version=&#8220;3.27.4&#8243; text_font=&#8220;Open Sans||||||||&#8220; text_line_height=&#8220;2em&#8220; header_font=&#8220;||||||||&#8220; header_3_font=&#8220;Cantata One||||||||&#8220; header_3_font_size=&#8220;20px&#8220; header_3_line_height=&#8220;1.6em&#8220; use_background_color_gradient=&#8220;on&#8220; background_color_gradient_start=&#8220;rgba(255,255,255,0)&#8220; background_color_gradient_end=&#8220;#ffffff&#8220; custom_margin=&#8220;|||&#8220; custom_padding=&#8220;30px|30px|30px|30px|true|true&#8220; custom_padding_phone=&#8220;|||&#8220; custom_padding_last_edited=&#8220;off|desktop&#8220; header_3_font_size_tablet=&#8220;&#8220; header_3_font_size_phone=&#8220;25px&#8220; header_3_font_size_last_edited=&#8220;on|phone&#8220; border_radii=&#8220;|||10px|10px&#8220; box_shadow_style=&#8220;preset1&#8243; box_shadow_vertical=&#8220;40px&#8220; box_shadow_blur=&#8220;60px&#8220; box_shadow_color=&#8220;rgba(0,64,135,0.06)&#8220; locked=&#8220;off&#8220;]<\/p>\n<h3>Restorative dentistry<\/h3>\n<p><span>in the treatment of <span style=\"text-decoration: underline;\"><strong>tooth decay<\/strong><\/span> we often use <span style=\"text-decoration: underline;\"><strong>white fillings<\/strong><\/span>, which are made of composite material, compatible with the tooth structure and aesthetically invisible. In the case of major damage, we also use <span style=\"text-decoration: underline;\"><strong>ceramic fillings<\/strong><\/span>, which are custom-made and provide greater durability and aesthetic value. These modern advances in restorative dentistry provide long-lasting and aesthetically pleasing solutions for patients with damaged teeth.<\/span><\/p>\n<p>[\/et_pb_text][\/et_pb_column][et_pb_column type=&#8220;1_3&#8243; _builder_version=&#8220;3.25&#8243; custom_padding=&#8220;|||&#8220; custom_padding__hover=&#8220;|||&#8220;][et_pb_image src=&#8220;https:\/\/zubarknm.sk\/wp-content\/uploads\/2021\/01\/dentist-icon-4.png&#8220; align_tablet=&#8220;center&#8220; align_phone=&#8220;&#8220; align_last_edited=&#8220;on|desktop&#8220; _builder_version=&#8220;3.23&#8243; custom_margin=&#8220;|20px|0px|20px||true&#8220;][\/et_pb_image][et_pb_text _builder_version=&#8220;3.27.4&#8243; text_font=&#8220;Open Sans||||||||&#8220; text_line_height=&#8220;2em&#8220; header_font=&#8220;||||||||&#8220; header_3_font=&#8220;Cantata One||||||||&#8220; header_3_font_size=&#8220;20px&#8220; header_3_line_height=&#8220;1.6em&#8220; use_background_color_gradient=&#8220;on&#8220; background_color_gradient_start=&#8220;rgba(255,255,255,0)&#8220; background_color_gradient_end=&#8220;#ffffff&#8220; custom_margin=&#8220;|||&#8220; custom_padding=&#8220;30px|30px|30px|30px|true|true&#8220; custom_padding_phone=&#8220;|||&#8220; custom_padding_last_edited=&#8220;off|desktop&#8220; header_3_font_size_tablet=&#8220;&#8220; header_3_font_size_phone=&#8220;25px&#8220; header_3_font_size_last_edited=&#8220;on|phone&#8220; border_radii=&#8220;|||10px|10px&#8220; box_shadow_style=&#8220;preset1&#8243; box_shadow_vertical=&#8220;40px&#8220; box_shadow_blur=&#8220;60px&#8220; box_shadow_color=&#8220;rgba(0,64,135,0.06)&#8220; locked=&#8220;off&#8220;]<\/p>\n<h3>Dental surgery<\/h3>\n<p><span> Common interventions include <span style=\"text-decoration: underline;\"><strong>tooth extraction<\/strong><\/span>, necessary when the tooth is damaged and severely decayed.<span style=\"text-decoration: underline;\"><strong> Implantology<\/strong><\/span> is focused on working with <span style=\"text-decoration: underline;\"><strong>dental implants<\/strong><\/span>, which are small metal ridges that are surgically inserted into the jaw to replace missing teeth and provide stable support for dentures. It involves various surgical procedures such as the insertion of implants, preparation of the bone for the implants, and the subsequent installation of crowns or bridges.<\/span><\/p>\n<p>[\/et_pb_text][\/et_pb_column][\/et_pb_row][\/et_pb_section]<\/p>","protected":false},"excerpt":{"rendered":"<p>[et_pb_section fb_built=&#8220;1&#8243; custom_padding_last_edited=&#8220;on|phone&#8220; next_background_color=&#8220;#ffffff&#8220; admin_label=&#8220;Header&#8220; _builder_version=&#8220;3.22&#8243; use_background_color_gradient=&#8220;on&#8220; background_color_gradient_start=&#8220;#f6f7fa&#8220; background_color_gradient_end=&#8220;rgba(255,255,255,0)&#8220; background_color_gradient_direction=&#8220;110deg&#8220; background_color_gradient_start_position=&#8220;30%&#8220; background_color_gradient_overlays_image=&#8220;on&#8220; background_image=&#8220;https:\/\/zubarknm.sk\/wp-content\/uploads\/2023\/07\/dentist-25.jpg&#8220; background_position=&#8220;center_right&#8220; custom_margin=&#8220;|||&#8220; custom_padding=&#8220;6vw||6vw||true|false&#8220; custom_padding_tablet=&#8220;||||false|false&#8220; custom_padding_phone=&#8220;||||false|false&#8220; bottom_divider_style=&#8220;wave&#8220; bottom_divider_height=&#8220;14px&#8220; bottom_divider_repeat=&#8220;28x&#8220; bottom_divider_repeat_tablet=&#8220;14x&#8220; bottom_divider_repeat_phone=&#8220;7x&#8220; bottom_divider_repeat_last_edited=&#8220;on|phone&#8220;][et_pb_row _builder_version=&#8220;3.25&#8243;][et_pb_column type=&#8220;4_4&#8243; _builder_version=&#8220;3.25&#8243; custom_padding=&#8220;|||&#8220; custom_padding__hover=&#8220;|||&#8220;][et_pb_text _builder_version=&#8220;3.27.4&#8243; text_font=&#8220;||||||||&#8220; header_font=&#8220;Cantata One||||||||&#8220; header_font_size=&#8220;50px&#8220; header_line_height=&#8220;1.4em&#8220; header_2_font=&#8220;||||||||&#8220; header_2_text_color=&#8220;rgba(0,0,0,0.35)&#8220; header_2_font_size=&#8220;20px&#8220; header_2_line_height=&#8220;1.6em&#8220; max_width=&#8220;500px&#8220; animation_style=&#8220;slide&#8220; animation_direction=&#8220;bottom&#8220; header_font_size_tablet=&#8220;35px&#8220; header_font_size_phone=&#8220;25px&#8220; header_font_size_last_edited=&#8220;on|desktop&#8220;] Dent\u00e1lne proced\u00fary [\/et_pb_text][\/et_pb_column][\/et_pb_row][et_pb_row column_structure=&#8220;1_4,1_4,1_4,1_4&#8243; use_custom_gutter=&#8220;on&#8220; gutter_width=&#8220;2&#8243; _builder_version=&#8220;3.25&#8243; custom_margin=&#8220;60px|||&#8220; locked=&#8220;off&#8220;][et_pb_column type=&#8220;1_4&#8243; [&hellip;]<\/p>","protected":false},"author":1,"featured_media":0,"parent":0,"menu_order":0,"comment_status":"closed","ping_status":"closed","template":"","meta":{"_et_pb_use_builder":"on","_et_pb_old_content":"","_et_gb_content_width":"","_monsterinsights_skip_tracking":false,"_monsterinsights_sitenote_active":false,"_monsterinsights_sitenote_note":"","_monsterinsights_sitenote_category":0},"aioseo_notices":[],"yoast_head":"<!-- This site is optimized with the Yoast SEO plugin v15.5 - https:\/\/yoast.com\/wordpress\/plugins\/seo\/ -->\n<title>Dent\u00e1lne korekcie - Zubn\u00e1 ambulancia KNM<\/title>\n<meta name=\"robots\" content=\"index, follow, max-snippet:-1, max-image-preview:large, max-video-preview:-1\" \/>\n<link rel=\"canonical\" href=\"https:\/\/zubarknm.sk\/en\/dentalne-korekcie\/\" \/>\n<meta property=\"og:locale\" content=\"en_GB\" \/>\n<meta property=\"og:type\" content=\"article\" \/>\n<meta property=\"og:title\" content=\"Dent\u00e1lne korekcie - Zubn\u00e1 ambulancia KNM\" \/>\n<meta property=\"og:description\" content=\"[et_pb_section fb_built=&#8220;1&#8243; custom_padding_last_edited=&#8220;on|phone&#8220; next_background_color=&#8220;#ffffff&#8220; admin_label=&#8220;Header&#8220; _builder_version=&#8220;3.22&#8243; use_background_color_gradient=&#8220;on&#8220; background_color_gradient_start=&#8220;#f6f7fa&#8220; background_color_gradient_end=&#8220;rgba(255,255,255,0)&#8220; background_color_gradient_direction=&#8220;110deg&#8220; background_color_gradient_start_position=&#8220;30%&#8220; background_color_gradient_overlays_image=&#8220;on&#8220; background_image=&#8220;https:\/\/zubarknm.sk\/wp-content\/uploads\/2023\/07\/dentist-25.jpg&#8220; background_position=&#8220;center_right&#8220; custom_margin=&#8220;|||&#8220; custom_padding=&#8220;6vw||6vw||true|false&#8220; custom_padding_tablet=&#8220;||||false|false&#8220; custom_padding_phone=&#8220;||||false|false&#8220; bottom_divider_style=&#8220;wave&#8220; bottom_divider_height=&#8220;14px&#8220; bottom_divider_repeat=&#8220;28x&#8220; bottom_divider_repeat_tablet=&#8220;14x&#8220; bottom_divider_repeat_phone=&#8220;7x&#8220; bottom_divider_repeat_last_edited=&#8220;on|phone&#8220;][et_pb_row _builder_version=&#8220;3.25&#8243;][et_pb_column type=&#8220;4_4&#8243; _builder_version=&#8220;3.25&#8243; custom_padding=&#8220;|||&#8220; custom_padding__hover=&#8220;|||&#8220;][et_pb_text _builder_version=&#8220;3.27.4&#8243; text_font=&#8220;||||||||&#8220; header_font=&#8220;Cantata One||||||||&#8220; header_font_size=&#8220;50px&#8220; header_line_height=&#8220;1.4em&#8220; header_2_font=&#8220;||||||||&#8220; header_2_text_color=&#8220;rgba(0,0,0,0.35)&#8220; header_2_font_size=&#8220;20px&#8220; header_2_line_height=&#8220;1.6em&#8220; max_width=&#8220;500px&#8220; animation_style=&#8220;slide&#8220; animation_direction=&#8220;bottom&#8220; header_font_size_tablet=&#8220;35px&#8220; header_font_size_phone=&#8220;25px&#8220; header_font_size_last_edited=&#8220;on|desktop&#8220;] Dent\u00e1lne proced\u00fary [\/et_pb_text][\/et_pb_column][\/et_pb_row][et_pb_row column_structure=&#8220;1_4,1_4,1_4,1_4&#8243; use_custom_gutter=&#8220;on&#8220; gutter_width=&#8220;2&#8243; _builder_version=&#8220;3.25&#8243; custom_margin=&#8220;60px|||&#8220; locked=&#8220;off&#8220;][et_pb_column type=&#8220;1_4&#8243; [&hellip;]\" \/>\n<meta property=\"og:url\" content=\"https:\/\/zubarknm.sk\/en\/dentalne-korekcie\/\" \/>\n<meta property=\"og:site_name\" content=\"Zubn\u00e1 ambulancia KNM\" \/>\n<meta property=\"article:modified_time\" content=\"2023-08-03T14:04:18+00:00\" \/>\n<meta name=\"twitter:card\" content=\"summary_large_image\" \/>\n<meta name=\"twitter:label1\" content=\"Estimated reading time\">\n\t<meta name=\"twitter:data1\" content=\"8 minutes\">\n<script type=\"application\/ld+json\" class=\"yoast-schema-graph\">{\"@context\":\"https:\/\/schema.org\",\"@graph\":[{\"@type\":\"WebSite\",\"@id\":\"https:\/\/zubarknm.sk\/#website\",\"url\":\"https:\/\/zubarknm.sk\/\",\"name\":\"Zubn\\u00e1 ambulancia KNM\",\"description\":\"&quot;Za ka\\u017ed\\u00fdm \\u00fasmevom stoja zuby&quot;\",\"potentialAction\":[{\"@type\":\"SearchAction\",\"target\":\"https:\/\/zubarknm.sk\/?s={search_term_string}\",\"query-input\":\"required name=search_term_string\"}],\"inLanguage\":\"en-GB\"},{\"@type\":\"WebPage\",\"@id\":\"https:\/\/zubarknm.sk\/dentalne-korekcie\/#webpage\",\"url\":\"https:\/\/zubarknm.sk\/dentalne-korekcie\/\",\"name\":\"Dent\\u00e1lne korekcie - Zubn\\u00e1 ambulancia KNM\",\"isPartOf\":{\"@id\":\"https:\/\/zubarknm.sk\/#website\"},\"datePublished\":\"2023-07-12T17:29:25+00:00\",\"dateModified\":\"2023-08-03T14:04:18+00:00\",\"inLanguage\":\"en-GB\",\"potentialAction\":[{\"@type\":\"ReadAction\",\"target\":[\"https:\/\/zubarknm.sk\/dentalne-korekcie\/\"]}]}]}<\/script>\n<!-- \/ Yoast SEO plugin. -->","_links":{"self":[{"href":"https:\/\/zubarknm.sk\/en\/wp-json\/wp\/v2\/pages\/208"}],"collection":[{"href":"https:\/\/zubarknm.sk\/en\/wp-json\/wp\/v2\/pages"}],"about":[{"href":"https:\/\/zubarknm.sk\/en\/wp-json\/wp\/v2\/types\/page"}],"author":[{"embeddable":true,"href":"https:\/\/zubarknm.sk\/en\/wp-json\/wp\/v2\/users\/1"}],"replies":[{"embeddable":true,"href":"https:\/\/zubarknm.sk\/en\/wp-json\/wp\/v2\/comments?post=208"}],"version-history":[{"count":6,"href":"https:\/\/zubarknm.sk\/en\/wp-json\/wp\/v2\/pages\/208\/revisions"}],"predecessor-version":[{"id":353,"href":"https:\/\/zubarknm.sk\/en\/wp-json\/wp\/v2\/pages\/208\/revisions\/353"}],"wp:attachment":[{"href":"https:\/\/zubarknm.sk\/en\/wp-json\/wp\/v2\/media?parent=208"}],"curies":[{"name":"wp","href":"https:\/\/api.w.org\/{rel}","templated":true}]}}