{"id":207,"date":"2023-07-12T19:29:25","date_gmt":"2023-07-12T17:29:25","guid":{"rendered":"https:\/\/zubarknm.sk\/?page_id=207"},"modified":"2024-08-05T14:18:19","modified_gmt":"2024-08-05T12:18:19","slug":"hlavna-stranka","status":"publish","type":"page","link":"https:\/\/zubarknm.sk\/en\/","title":{"rendered":"Home"},"content":{"rendered":"<p>[et_pb_section fb_built=&#8220;1&#8243; custom_padding_last_edited=&#8220;on|phone&#8220; admin_label=&#8220;Header&#8220; _builder_version=&#8220;4.7.7&#8243; use_background_color_gradient=&#8220;on&#8220; background_color_gradient_start=&#8220;rgba(255,255,255,0)&#8220; background_color_gradient_end=&#8220;#f9fafc&#8220; background_color_gradient_type=&#8220;radial&#8220; background_color_gradient_direction_radial=&#8220;right&#8220; background_color_gradient_overlays_image=&#8220;on&#8220; background_image=&#8220;https:\/\/zubarknm.sk\/wp-content\/uploads\/2023\/07\/shutterstock-man-smile-closeup-white-teeth.jpg&#8220; background_size=&#8220;contain&#8220; background_position=&#8220;center_right&#8220; min_height=&#8220;676.9px&#8220; custom_margin=&#8220;|||&#8220; custom_padding=&#8220;6vw||6vw||true|false&#8220; custom_padding_tablet=&#8220;||||false|false&#8220; custom_padding_phone=&#8220;||||false|false&#8220;][et_pb_row column_structure=&#8220;1_2,1_2&#8243; _builder_version=&#8220;3.25&#8243; max_width=&#8220;1280px&#8220; use_custom_width=&#8220;on&#8220; custom_width_px=&#8220;1280px&#8220;][et_pb_column type=&#8220;1_2&#8243; _builder_version=&#8220;3.25&#8243; custom_padding=&#8220;|||&#8220; custom_padding__hover=&#8220;|||&#8220;][et_pb_text _builder_version=&#8220;3.27.4&#8243; text_font=&#8220;||||||||&#8220; header_font=&#8220;Cantata One||||||||&#8220; header_font_size=&#8220;50px&#8220; header_line_height=&#8220;1.4em&#8220; header_2_font=&#8220;||||||||&#8220; header_2_text_color=&#8220;rgba(0,0,0,0.35)&#8220; header_2_font_size=&#8220;20px&#8220; header_2_line_height=&#8220;1.6em&#8220; text_orientation=&#8220;center&#8220; animation_style=&#8220;slide&#8220; animation_direction=&#8220;bottom&#8220; header_font_size_tablet=&#8220;35px&#8220; header_font_size_phone=&#8220;25px&#8220; header_font_size_last_edited=&#8220;on|desktop&#8220;]<\/p>\n<h1>Ospravedl\u0148ujeme sa, na str\u00e1nke sa pracuje.<\/h1>\n<h2>Dent\u00e1lne korekcie mnoh\u00fdch druhov.\u00a0<\/h2>\n<p>[\/et_pb_text][\/et_pb_column][et_pb_column type=&#8220;1_2&#8243; _builder_version=&#8220;3.25&#8243; custom_padding=&#8220;|||&#8220; custom_padding__hover=&#8220;|||&#8220;][\/et_pb_column][\/et_pb_row][\/et_pb_section][et_pb_section fb_built=&#8220;1&#8243; admin_label=&#8220;Contact Info&#8220; _builder_version=&#8220;3.22&#8243; background_image=&#8220;https:\/\/zubarknm.sk\/wp-content\/uploads\/2021\/01\/dentist-04.png&#8220; background_size=&#8220;initial&#8220; background_position=&#8220;top_center&#8220; min_height=&#8220;750.8px&#8220; custom_padding=&#8220;0|0px|150px|0px|false|false&#8220;][et_pb_row column_structure=&#8220;1_3,1_3,1_3&#8243; custom_padding_last_edited=&#8220;on|desktop&#8220; _builder_version=&#8220;3.25&#8243; use_background_color_gradient=&#8220;on&#8220; background_color_gradient_start=&#8220;#0059c3&#8243; background_color_gradient_end=&#8220;rgba(0,129,255,0.7)&#8220; background_color_gradient_direction=&#8220;108deg&#8220; max_width=&#8220;1280px&#8220; module_alignment=&#8220;center&#8220; custom_margin=&#8220;|||&#8220; custom_padding=&#8220;70px|5vw|70px|5vw|true|true&#8220; custom_padding_tablet=&#8220;|5vw||5vw||true&#8220; custom_padding_phone=&#8220;|5vw||5vw||true&#8220; animation_style=&#8220;zoom&#8220; animation_direction=&#8220;top&#8220; animation_intensity_zoom=&#8220;1%&#8220; border_radii=&#8220;|||14vw|14vw&#8220; box_shadow_style=&#8220;preset1&#8243; box_shadow_vertical=&#8220;20px&#8220; box_shadow_blur=&#8220;50px&#8220; box_shadow_color=&#8220;rgba(0,121,255,0.2)&#8220; use_custom_width=&#8220;on&#8220; custom_width_px=&#8220;1280px&#8220;][et_pb_column type=&#8220;1_3&#8243; _builder_version=&#8220;3.25&#8243; custom_padding=&#8220;|||&#8220; custom_padding_tablet=&#8220;40px|||&#8220; custom_padding_phone=&#8220;20px|||&#8220; custom_padding_last_edited=&#8220;off|desktop&#8220; padding_phone=&#8220;20px|||&#8220; padding_tablet=&#8220;40px|||&#8220; padding_last_edited=&#8220;off|desktop&#8220; custom_padding__hover=&#8220;|||&#8220;][et_pb_blurb title=&#8220;Kontaktujte n\u00e1s&#8220; use_icon=&#8220;on&#8220; font_icon=&#8220;%%264%%&#8220; icon_color=&#8220;#ffffff&#8220; icon_placement=&#8220;left&#8220; _builder_version=&#8220;4.7.7&#8243; header_font=&#8220;Cantata One||||||||&#8220; header_line_height=&#8220;1.6em&#8220; body_line_height=&#8220;2em&#8220; background_layout=&#8220;dark&#8220; animation=&#8220;off&#8220;]<\/p>\n<p>+421 948 834 475<\/p>\n<p>[\/et_pb_blurb][\/et_pb_column][et_pb_column type=&#8220;1_3&#8243; _builder_version=&#8220;3.25&#8243; custom_padding=&#8220;|||&#8220; custom_padding_tablet=&#8220;40px|||&#8220; custom_padding_phone=&#8220;20px|||&#8220; custom_padding_last_edited=&#8220;off|desktop&#8220; padding_phone=&#8220;20px|||&#8220; padding_tablet=&#8220;40px|||&#8220; padding_last_edited=&#8220;off|desktop&#8220; custom_padding__hover=&#8220;|||&#8220;][et_pb_blurb title=&#8220;Adresa&#8220; use_icon=&#8220;on&#8220; font_icon=&#8220;%%227%%&#8220; icon_color=&#8220;#ffffff&#8220; icon_placement=&#8220;left&#8220; _builder_version=&#8220;4.7.7&#8243; header_font=&#8220;Cantata One||||||||&#8220; header_line_height=&#8220;1.6em&#8220; body_line_height=&#8220;2em&#8220; background_layout=&#8220;dark&#8220; custom_margin=&#8220;||24px|||&#8220; animation=&#8220;off&#8220;]<\/p>\n<p>Belansk\u00e9ho 773<\/p>\n<p>Kysuck\u00e9 Nov\u00e9 Mesto, 024 01<\/p>\n<p>[\/et_pb_blurb][\/et_pb_column][et_pb_column type=&#8220;1_3&#8243; _builder_version=&#8220;3.25&#8243; custom_padding=&#8220;|||&#8220; custom_padding_tablet=&#8220;40px|||&#8220; custom_padding_phone=&#8220;20px|||&#8220; custom_padding_last_edited=&#8220;off|desktop&#8220; padding_phone=&#8220;20px|||&#8220; padding_tablet=&#8220;40px|||&#8220; padding_last_edited=&#8220;off|desktop&#8220; custom_padding__hover=&#8220;|||&#8220;][et_pb_blurb use_icon=&#8220;on&#8220; font_icon=&#8220;%%259%%&#8220; icon_color=&#8220;#ffffff&#8220; icon_placement=&#8220;left&#8220; _builder_version=&#8220;4.7.7&#8243; header_font=&#8220;Cantata One||||||||&#8220; header_line_height=&#8220;1.6em&#8220; body_line_height=&#8220;2em&#8220; background_layout=&#8220;dark&#8220; animation=&#8220;off&#8220;]<\/p>\n<p><strong>E-mail<\/strong><\/p>\n<p>zubarknm@gmail.com<strong><\/strong><\/p>\n<p><strong><\/strong><\/p>\n<p>[\/et_pb_blurb][\/et_pb_column][\/et_pb_row][et_pb_row column_structure=&#8220;1_6,1_6,1_6,1_6,1_6,1_6&#8243; use_custom_gutter=&#8220;on&#8220; gutter_width=&#8220;2&#8243; _builder_version=&#8220;4.7.7&#8243; width=&#8220;99%&#8220; min_height=&#8220;133.4px&#8220; custom_margin=&#8220;66px|375px|66px|375px|true|false&#8220; custom_padding=&#8220;30px|13px||102px||&#8220; locked=&#8220;off&#8220;][et_pb_column type=&#8220;1_6&#8243; _builder_version=&#8220;3.25&#8243; custom_padding=&#8220;|||&#8220; custom_padding__hover=&#8220;|||&#8220;][\/et_pb_column][et_pb_column type=&#8220;1_6&#8243; _builder_version=&#8220;3.25&#8243; custom_padding=&#8220;|||&#8220; custom_padding__hover=&#8220;|||&#8220;][et_pb_blurb title=&#8220;Prevent\u00edvne prehliadky&#8220; image=&#8220;https:\/\/zubarknm.sk\/wp-content\/uploads\/2021\/01\/dentist-icon-6.png&#8220; _builder_version=&#8220;3.15&#8243; header_font=&#8220;Cantata One||||||||&#8220; header_font_size=&#8220;14px&#8220; header_line_height=&#8220;1.8em&#8220; text_orientation=&#8220;center&#8220; width=&#8220;100%&#8220;][\/et_pb_blurb][\/et_pb_column][et_pb_column type=&#8220;1_6&#8243; _builder_version=&#8220;3.25&#8243; custom_padding=&#8220;|||&#8220; custom_padding__hover=&#8220;|||&#8220;][et_pb_blurb title=&#8220;Zubn\u00e9 implant\u00e1ty&#8220; image=&#8220;https:\/\/zubarknm.sk\/wp-content\/uploads\/2021\/01\/dentist-icon-4.png&#8220; _builder_version=&#8220;3.15&#8243; header_font=&#8220;Cantata One||||||||&#8220; header_font_size=&#8220;14px&#8220; header_line_height=&#8220;1.8em&#8220; text_orientation=&#8220;center&#8220; locked=&#8220;off&#8220;][\/et_pb_blurb][\/et_pb_column][et_pb_column type=&#8220;1_6&#8243; _builder_version=&#8220;3.25&#8243; custom_padding=&#8220;|||&#8220; custom_padding__hover=&#8220;|||&#8220;][et_pb_blurb title=&#8220;Z\u00e1chovn\u00e1 stomatol\u00f3gia&#8220; image=&#8220;https:\/\/zubarknm.sk\/wp-content\/uploads\/2021\/01\/dentist-icon-1.png&#8220; _builder_version=&#8220;3.15&#8243; header_font=&#8220;Cantata One||||||||&#8220; header_font_size=&#8220;14px&#8220; header_line_height=&#8220;1.8em&#8220; text_orientation=&#8220;center&#8220; custom_margin=&#8220;|1px||||&#8220; locked=&#8220;off&#8220;][\/et_pb_blurb][\/et_pb_column][et_pb_column type=&#8220;1_6&#8243; _builder_version=&#8220;3.25&#8243; custom_padding=&#8220;|||&#8220; custom_padding__hover=&#8220;|||&#8220;][et_pb_blurb title=&#8220;Dent\u00e1lna hygiena&#8220; image=&#8220;https:\/\/zubarknm.sk\/wp-content\/uploads\/2021\/01\/dentist-icon-5.png&#8220; _builder_version=&#8220;3.15&#8243; header_font=&#8220;Cantata One||||||||&#8220; header_font_size=&#8220;14px&#8220; header_line_height=&#8220;1.8em&#8220; text_orientation=&#8220;center&#8220; width=&#8220;100%&#8220; locked=&#8220;off&#8220;][\/et_pb_blurb][\/et_pb_column][et_pb_column type=&#8220;1_6&#8243; _builder_version=&#8220;3.25&#8243; custom_padding=&#8220;|||&#8220; custom_padding__hover=&#8220;|||&#8220;][et_pb_blurb title=&#8220;Estetika zubov&#8220; image=&#8220;https:\/\/zubarknm.sk\/wp-content\/uploads\/2021\/01\/dentist-icon-3.png&#8220; _builder_version=&#8220;3.15&#8243; header_font=&#8220;Cantata One||||||||&#8220; header_font_size=&#8220;14px&#8220; header_line_height=&#8220;1.8em&#8220; text_orientation=&#8220;center&#8220; custom_padding=&#8220;|||2px||&#8220; locked=&#8220;off&#8220;][\/et_pb_blurb][\/et_pb_column][\/et_pb_row][\/et_pb_section][et_pb_section fb_built=&#8220;1&#8243; admin_label=&#8220;Our Services&#8220; _builder_version=&#8220;3.22&#8243; use_background_color_gradient=&#8220;on&#8220; background_color_gradient_start=&#8220;#ffffff&#8220; background_color_gradient_end=&#8220;#eff1f4&#8243; background_image=&#8220;https:\/\/zubarknm.sk\/wp-content\/uploads\/2023\/07\/dentist-19.png&#8220; min_height=&#8220;77px&#8220; custom_margin=&#8220;-215px|||||&#8220; custom_padding=&#8220;||0px|||&#8220; bottom_divider_style=&#8220;wave&#8220; bottom_divider_color=&#8220;#ffffff&#8220;][\/et_pb_section][et_pb_section fb_built=&#8220;1&#8243; disabled_on=&#8220;off|off|off&#8220; admin_label=&#8220;Team&#8220; _builder_version=&#8220;3.22&#8243; custom_padding=&#8220;130px|||||&#8220;][et_pb_row _builder_version=&#8220;3.25&#8243;][et_pb_column type=&#8220;4_4&#8243; _builder_version=&#8220;3.25&#8243; custom_padding=&#8220;|||&#8220; custom_padding__hover=&#8220;|||&#8220;][et_pb_text _builder_version=&#8220;3.27.4&#8243; text_font=&#8220;Open Sans||||||||&#8220; text_line_height=&#8220;2em&#8220; header_font=&#8220;||||||||&#8220; header_2_font=&#8220;Cantata One||||||||&#8220; header_2_font_size=&#8220;40px&#8220; header_2_line_height=&#8220;1.4em&#8220; text_orientation=&#8220;center&#8220; max_width=&#8220;500px&#8220; module_alignment=&#8220;center&#8220; header_2_font_size_tablet=&#8220;35px&#8220; header_2_font_size_phone=&#8220;25px&#8220; header_2_font_size_last_edited=&#8220;on|phone&#8220;]<\/p>\n<h2>Our specialists<\/h2>\n<p>[\/et_pb_text][\/et_pb_column][\/et_pb_row][et_pb_row column_structure=&#8220;1_3,1_3,1_3&#8243; _builder_version=&#8220;4.7.7&#8243; custom_margin=&#8220;-39px|238px|-39px|692px|true|&#8220; width=&#8220;81%&#8220; custom_padding=&#8220;|43px|4px|||&#8220;][et_pb_column type=&#8220;1_3&#8243; _builder_version=&#8220;3.25&#8243; custom_padding=&#8220;|||&#8220; custom_padding__hover=&#8220;|||&#8220;][et_pb_team_member name=&#8220;MDDr. Milo\u0161 Hm\u00edra&#8220; position=&#8220;Zubn\u00fd lek\u00e1r&#8220; icon_color=&#8220;#666666&#8243; _builder_version=&#8220;4.7.7&#8243; header_font=&#8220;Cantata One||||||||&#8220; header_line_height=&#8220;1.2em&#8220; body_font=&#8220;Open Sans||||||||&#8220; body_font_size=&#8220;16px&#8220; body_line_height=&#8220;1.8em&#8220; background_color=&#8220;#ffffff&#8220; text_orientation=&#8220;center&#8220; max_width=&#8220;400px&#8220; module_alignment=&#8220;center&#8220; min_height=&#8220;67.4px&#8220; custom_margin=&#8220;||25px|||&#8220; custom_padding=&#8220;30px|30px|30px|30px|true|true&#8220; custom_padding_phone=&#8220;|||&#8220; custom_padding_last_edited=&#8220;off|desktop&#8220; hover_enabled=&#8220;0&#8243; border_radii=&#8220;|||10px|10px&#8220; box_shadow_style=&#8220;preset1&#8243; box_shadow_vertical=&#8220;40px&#8220; box_shadow_blur=&#8220;60px&#8220; box_shadow_color=&#8220;rgba(0,64,135,0.06)&#8220; icon_hover_color=&#8220;#0079ff&#8220; sticky_enabled=&#8220;0&#8243;][\/et_pb_team_member][et_pb_image src=&#8220;https:\/\/zubarknm.sk\/wp-content\/uploads\/2024\/08\/retos-s-mackou-1.jpg&#8220; _builder_version=&#8220;4.7.7&#8243; _module_preset=&#8220;default&#8220; title_text=&#8220;re\u0165o\u0161 s ma\u010dkou&#8220; hover_enabled=&#8220;0&#8243; sticky_enabled=&#8220;0&#8243; custom_padding=&#8220;0px||2px|||&#8220; min_height=&#8220;303.4px&#8220; locked=&#8220;off&#8220; custom_margin=&#8220;|-4px|1px|||&#8220;][\/et_pb_image][\/et_pb_column][et_pb_column type=&#8220;1_3&#8243; _builder_version=&#8220;3.25&#8243; custom_padding=&#8220;|||&#8220; custom_padding__hover=&#8220;|||&#8220;][et_pb_team_member name=&#8220;MDDr. Monika Harvanikov\u00e1&#8220; position=&#8220;Zubn\u00fd lek\u00e1r&#8220; icon_color=&#8220;666&#8243; _builder_version=&#8220;3.13&#8243; header_font=&#8220;Cantata One||||||||&#8220; header_line_height=&#8220;1.2em&#8220; body_font=&#8220;Open Sans||||||||&#8220; body_font_size=&#8220;16px&#8220; body_line_height=&#8220;1.8em&#8220; background_color=&#8220;#ffffff&#8220; text_orientation=&#8220;center&#8220; max_width=&#8220;400px&#8220; module_alignment=&#8220;center&#8220; custom_margin=&#8220;|-38px||-38px||true&#8220; custom_padding=&#8220;30px|1px|30px|1px|true|true&#8220; custom_padding_phone=&#8220;|||&#8220; custom_padding_last_edited=&#8220;off|desktop&#8220; border_radii=&#8220;|||10px|10px&#8220; box_shadow_style=&#8220;preset1&#8243; box_shadow_vertical=&#8220;40px&#8220; box_shadow_blur=&#8220;60px&#8220; box_shadow_color=&#8220;rgba(0,64,135,0.06)&#8220; icon_hover_color=&#8220;#0079ff&#8220;][\/et_pb_team_member][et_pb_image src=&#8220;https:\/\/zubarknm.sk\/wp-content\/uploads\/2024\/08\/27788099_10211071162203960_8676817787340185709_o.jpg&#8220; _builder_version=&#8220;4.7.7&#8243; _module_preset=&#8220;default&#8220; title_text=&#8220;27788099_10211071162203960_8676817787340185709_o&#8220; hover_enabled=&#8220;0&#8243; sticky_enabled=&#8220;0&#8243; custom_padding=&#8220;||2px|||&#8220; min_height=&#8220;303.4px&#8220;][\/et_pb_image][\/et_pb_column][et_pb_column type=&#8220;1_3&#8243; _builder_version=&#8220;3.25&#8243; custom_padding=&#8220;|||&#8220; custom_padding__hover=&#8220;|||&#8220;][\/et_pb_column][\/et_pb_row][\/et_pb_section]<\/p>","protected":false},"excerpt":{"rendered":"<p>[et_pb_section fb_built=&#8220;1&#8243; custom_padding_last_edited=&#8220;on|phone&#8220; admin_label=&#8220;Header&#8220; _builder_version=&#8220;4.7.7&#8243; use_background_color_gradient=&#8220;on&#8220; background_color_gradient_start=&#8220;rgba(255,255,255,0)&#8220; background_color_gradient_end=&#8220;#f9fafc&#8220; background_color_gradient_type=&#8220;radial&#8220; background_color_gradient_direction_radial=&#8220;right&#8220; background_color_gradient_overlays_image=&#8220;on&#8220; background_image=&#8220;https:\/\/zubarknm.sk\/wp-content\/uploads\/2023\/07\/shutterstock-man-smile-closeup-white-teeth.jpg&#8220; background_size=&#8220;contain&#8220; background_position=&#8220;center_right&#8220; min_height=&#8220;676.9px&#8220; custom_margin=&#8220;|||&#8220; custom_padding=&#8220;6vw||6vw||true|false&#8220; custom_padding_tablet=&#8220;||||false|false&#8220; custom_padding_phone=&#8220;||||false|false&#8220;][et_pb_row column_structure=&#8220;1_2,1_2&#8243; _builder_version=&#8220;3.25&#8243; max_width=&#8220;1280px&#8220; use_custom_width=&#8220;on&#8220; custom_width_px=&#8220;1280px&#8220;][et_pb_column type=&#8220;1_2&#8243; _builder_version=&#8220;3.25&#8243; custom_padding=&#8220;|||&#8220; custom_padding__hover=&#8220;|||&#8220;][et_pb_text _builder_version=&#8220;3.27.4&#8243; text_font=&#8220;||||||||&#8220; header_font=&#8220;Cantata One||||||||&#8220; header_font_size=&#8220;50px&#8220; header_line_height=&#8220;1.4em&#8220; header_2_font=&#8220;||||||||&#8220; header_2_text_color=&#8220;rgba(0,0,0,0.35)&#8220; header_2_font_size=&#8220;20px&#8220; header_2_line_height=&#8220;1.6em&#8220; text_orientation=&#8220;center&#8220; animation_style=&#8220;slide&#8220; animation_direction=&#8220;bottom&#8220; header_font_size_tablet=&#8220;35px&#8220; header_font_size_phone=&#8220;25px&#8220; header_font_size_last_edited=&#8220;on|desktop&#8220;] Ospravedl\u0148ujeme sa, na str\u00e1nke sa pracuje. Dent\u00e1lne korekcie mnoh\u00fdch druhov.\u00a0 [\/et_pb_text][\/et_pb_column][et_pb_column [&hellip;]<\/p>","protected":false},"author":1,"featured_media":0,"parent":0,"menu_order":0,"comment_status":"closed","ping_status":"closed","template":"","meta":{"_et_pb_use_builder":"on","_et_pb_old_content":"","_et_gb_content_width":"","_monsterinsights_skip_tracking":false,"_monsterinsights_sitenote_active":false,"_monsterinsights_sitenote_note":"","_monsterinsights_sitenote_category":0},"aioseo_notices":[],"yoast_head":"<!-- This site is optimized with the Yoast SEO plugin v15.5 - https:\/\/yoast.com\/wordpress\/plugins\/seo\/ -->\n<title>Hlavn\u00e1 str\u00e1nka - Zubn\u00e1 ambulancia KNM<\/title>\n<meta name=\"robots\" content=\"index, follow, max-snippet:-1, max-image-preview:large, max-video-preview:-1\" \/>\n<link rel=\"canonical\" href=\"https:\/\/zubarknm.sk\/en\/\" \/>\n<meta property=\"og:locale\" content=\"en_GB\" \/>\n<meta property=\"og:type\" content=\"article\" \/>\n<meta property=\"og:title\" content=\"Hlavn\u00e1 str\u00e1nka - Zubn\u00e1 ambulancia KNM\" \/>\n<meta property=\"og:description\" content=\"[et_pb_section fb_built=&#8220;1&#8243; custom_padding_last_edited=&#8220;on|phone&#8220; admin_label=&#8220;Header&#8220; _builder_version=&#8220;4.7.7&#8243; use_background_color_gradient=&#8220;on&#8220; background_color_gradient_start=&#8220;rgba(255,255,255,0)&#8220; background_color_gradient_end=&#8220;#f9fafc&#8220; background_color_gradient_type=&#8220;radial&#8220; background_color_gradient_direction_radial=&#8220;right&#8220; background_color_gradient_overlays_image=&#8220;on&#8220; background_image=&#8220;https:\/\/zubarknm.sk\/wp-content\/uploads\/2023\/07\/shutterstock-man-smile-closeup-white-teeth.jpg&#8220; background_size=&#8220;contain&#8220; background_position=&#8220;center_right&#8220; min_height=&#8220;676.9px&#8220; custom_margin=&#8220;|||&#8220; custom_padding=&#8220;6vw||6vw||true|false&#8220; custom_padding_tablet=&#8220;||||false|false&#8220; custom_padding_phone=&#8220;||||false|false&#8220;][et_pb_row column_structure=&#8220;1_2,1_2&#8243; _builder_version=&#8220;3.25&#8243; max_width=&#8220;1280px&#8220; use_custom_width=&#8220;on&#8220; custom_width_px=&#8220;1280px&#8220;][et_pb_column type=&#8220;1_2&#8243; _builder_version=&#8220;3.25&#8243; custom_padding=&#8220;|||&#8220; custom_padding__hover=&#8220;|||&#8220;][et_pb_text _builder_version=&#8220;3.27.4&#8243; text_font=&#8220;||||||||&#8220; header_font=&#8220;Cantata One||||||||&#8220; header_font_size=&#8220;50px&#8220; header_line_height=&#8220;1.4em&#8220; header_2_font=&#8220;||||||||&#8220; header_2_text_color=&#8220;rgba(0,0,0,0.35)&#8220; header_2_font_size=&#8220;20px&#8220; header_2_line_height=&#8220;1.6em&#8220; text_orientation=&#8220;center&#8220; animation_style=&#8220;slide&#8220; animation_direction=&#8220;bottom&#8220; header_font_size_tablet=&#8220;35px&#8220; header_font_size_phone=&#8220;25px&#8220; header_font_size_last_edited=&#8220;on|desktop&#8220;] Ospravedl\u0148ujeme sa, na str\u00e1nke sa pracuje. Dent\u00e1lne korekcie mnoh\u00fdch druhov.\u00a0 [\/et_pb_text][\/et_pb_column][et_pb_column [&hellip;]\" \/>\n<meta property=\"og:url\" content=\"https:\/\/zubarknm.sk\/en\/\" \/>\n<meta property=\"og:site_name\" content=\"Zubn\u00e1 ambulancia KNM\" \/>\n<meta property=\"article:modified_time\" content=\"2024-08-05T12:18:19+00:00\" \/>\n<meta name=\"twitter:card\" content=\"summary_large_image\" \/>\n<meta name=\"twitter:label1\" content=\"Estimated reading time\">\n\t<meta name=\"twitter:data1\" content=\"6 minutes\">\n<script type=\"application\/ld+json\" class=\"yoast-schema-graph\">{\"@context\":\"https:\/\/schema.org\",\"@graph\":[{\"@type\":\"WebSite\",\"@id\":\"https:\/\/zubarknm.sk\/#website\",\"url\":\"https:\/\/zubarknm.sk\/\",\"name\":\"Zubn\\u00e1 ambulancia KNM\",\"description\":\"&quot;Za ka\\u017ed\\u00fdm \\u00fasmevom stoja zuby&quot;\",\"potentialAction\":[{\"@type\":\"SearchAction\",\"target\":\"https:\/\/zubarknm.sk\/?s={search_term_string}\",\"query-input\":\"required name=search_term_string\"}],\"inLanguage\":\"en-GB\"},{\"@type\":\"WebPage\",\"@id\":\"https:\/\/zubarknm.sk\/#webpage\",\"url\":\"https:\/\/zubarknm.sk\/\",\"name\":\"Hlavn\\u00e1 str\\u00e1nka - Zubn\\u00e1 ambulancia KNM\",\"isPartOf\":{\"@id\":\"https:\/\/zubarknm.sk\/#website\"},\"datePublished\":\"2023-07-12T17:29:25+00:00\",\"dateModified\":\"2024-08-05T12:18:19+00:00\",\"inLanguage\":\"en-GB\",\"potentialAction\":[{\"@type\":\"ReadAction\",\"target\":[\"https:\/\/zubarknm.sk\/\"]}]}]}<\/script>\n<!-- \/ Yoast SEO plugin. -->","_links":{"self":[{"href":"https:\/\/zubarknm.sk\/en\/wp-json\/wp\/v2\/pages\/207"}],"collection":[{"href":"https:\/\/zubarknm.sk\/en\/wp-json\/wp\/v2\/pages"}],"about":[{"href":"https:\/\/zubarknm.sk\/en\/wp-json\/wp\/v2\/types\/page"}],"author":[{"embeddable":true,"href":"https:\/\/zubarknm.sk\/en\/wp-json\/wp\/v2\/users\/1"}],"replies":[{"embeddable":true,"href":"https:\/\/zubarknm.sk\/en\/wp-json\/wp\/v2\/comments?post=207"}],"version-history":[{"count":5,"href":"https:\/\/zubarknm.sk\/en\/wp-json\/wp\/v2\/pages\/207\/revisions"}],"predecessor-version":[{"id":419,"href":"https:\/\/zubarknm.sk\/en\/wp-json\/wp\/v2\/pages\/207\/revisions\/419"}],"wp:attachment":[{"href":"https:\/\/zubarknm.sk\/en\/wp-json\/wp\/v2\/media?parent=207"}],"curies":[{"name":"wp","href":"https:\/\/api.w.org\/{rel}","templated":true}]}}