{"id":205,"date":"2023-07-12T19:29:25","date_gmt":"2023-07-12T17:29:25","guid":{"rendered":"https:\/\/zubarknm.sk\/?page_id=205"},"modified":"2024-08-05T13:53:52","modified_gmt":"2024-08-05T11:53:52","slug":"o-nas","status":"publish","type":"page","link":"https:\/\/zubarknm.sk\/en\/o-nas\/","title":{"rendered":"About us"},"content":{"rendered":"<p>[et_pb_section fb_built=&#8220;1&#8243; admin_label=&#8220;Profile&#8220; _builder_version=&#8220;3.22&#8243; locked=&#8220;off&#8220;][et_pb_row padding_top_bottom_link_2=&#8220;false&#8220; _builder_version=&#8220;4.7.7&#8243; hover_enabled=&#8220;0&#8243; column_structure=&#8220;2_5,3_5&#8243; sticky_enabled=&#8220;0&#8243; custom_padding=&#8220;|0px||||&#8220; custom_margin=&#8220;|474px||auto||&#8220;][et_pb_column type=&#8220;2_5&#8243; _builder_version=&#8220;3.25&#8243; custom_padding=&#8220;|||&#8220; custom_padding__hover=&#8220;|||&#8220;][et_pb_image src=&#8220;https:\/\/zubarknm.sk\/wp-content\/uploads\/2024\/08\/retos-s-mackou.jpg&#8220; align_tablet=&#8220;center&#8220; align_last_edited=&#8220;on|desktop&#8220; _builder_version=&#8220;4.7.7&#8243; custom_margin=&#8220;|0px|185px|||&#8220; hover_enabled=&#8220;0&#8243; border_radii=&#8220;|10vw|10vw|10vw|&#8220; box_shadow_style=&#8220;preset3&#8243; box_shadow_vertical=&#8220;20px&#8220; box_shadow_blur=&#8220;30px&#8220; box_shadow_color=&#8220;rgba(173,180,208,0.2)&#8220; title_text=&#8220;re\u0165o\u0161 s ma\u010dkou&#8220; sticky_enabled=&#8220;0&#8243; custom_padding=&#8220;57px||5px|0px||&#8220; min_height=&#8220;438px&#8220;][\/et_pb_image][\/et_pb_column][et_pb_column type=&#8220;3_5&#8243; _builder_version=&#8220;3.25&#8243; custom_padding=&#8220;100px|||&#8220; custom_padding_tablet=&#8220;0px||0px|&#8220; custom_padding_last_edited=&#8220;off|desktop&#8220; padding_tablet=&#8220;0px||0px|&#8220; padding_last_edited=&#8220;off|desktop&#8220; custom_padding__hover=&#8220;|||&#8220;][et_pb_text _builder_version=&#8220;4.7.7&#8243; text_font=&#8220;Open Sans||||||||&#8220; text_line_height=&#8220;2em&#8220; header_font=&#8220;||||||||&#8220; header_2_font=&#8220;Cantata One||||||||&#8220; header_2_font_size=&#8220;40px&#8220; header_2_line_height=&#8220;1.4em&#8220; hover_enabled=&#8220;0&#8243; header_2_font_size_tablet=&#8220;35px&#8220; header_2_font_size_phone=&#8220;25px&#8220; header_2_font_size_last_edited=&#8220;on|phone&#8220; header_3_font_size=&#8220;27px&#8220; header_4_font_size=&#8220;27px&#8220; sticky_enabled=&#8220;0&#8243; header_4_line_height=&#8220;1.1em&#8220; header_4_font=&#8220;||||||||&#8220;]<\/p>\n<h2>MDDr. Milo\u0161 Hm\u00edra<\/h2>\n<h3><strong>Vzdelanie:<\/strong><\/h3>\n<h3><strong>2015-2019\u00a0 \u00a0 \u00a0 \u00a0 \u00a0 \u00a0 <\/strong><\/h3>\n<h3><strong>Lek\u00e1rska fakulta Masarykovej univerzity v Brne<\/strong><\/h3>\n<h4><strong style=\"font-size: 14px;\">Milo\u0161 Hm\u00edra je lek\u00e1r, ktor\u00fd neust\u00e1le investuje do svojho vzdelania a zlep\u0161ovania svojich zru\u010dnost\u00ed. Absolvoval rozsiahlu odborn\u00fa pr\u00edpravu a mno\u017estvo \u0161pecializovan\u00fdch kurzov, medzi ktor\u00e9 patria: kurz gnatol\u00f3gie, kurz pr\u00edpravy vo fixnej protetike \u010di kurz pr\u00e1ce s fotokompozitom. Vyu\u017e\u00edva pokro\u010dil\u00e9 mikroskopick\u00e9 techniky v endodoncii a \u010fal\u0161ie modern\u00e9 postupy z\u00e1chovnej stomatol\u00f3gie. Je \u010dlenom \u010ceskej akad\u00e9mie dent\u00e1lnej estetiky. \u0160pecializuje sa najm\u00e4 v oblastiach dentoalveol\u00e1rnej chirurgie a implantol\u00f3gie.<\/strong><\/h4>\n<p>&nbsp;<\/p>\n<p>[\/et_pb_text][\/et_pb_column][\/et_pb_row][et_pb_row padding_top_bottom_link_2=&#8220;false&#8220; _builder_version=&#8220;4.7.7&#8243; hover_enabled=&#8220;0&#8243; column_structure=&#8220;2_5,3_5&#8243; sticky_enabled=&#8220;0&#8243; custom_padding=&#8220;|0px||||&#8220; custom_margin=&#8220;|474px||auto||&#8220; locked=&#8220;off&#8220;][et_pb_column type=&#8220;2_5&#8243; _builder_version=&#8220;3.25&#8243; custom_padding=&#8220;|||&#8220; custom_padding__hover=&#8220;|||&#8220;][et_pb_image align_tablet=&#8220;center&#8220; align_last_edited=&#8220;on|desktop&#8220; _builder_version=&#8220;4.7.7&#8243; custom_margin=&#8220;|||&#8220; hover_enabled=&#8220;0&#8243; border_radii=&#8220;|10vw|10vw|10vw|&#8220; box_shadow_style=&#8220;preset3&#8243; box_shadow_vertical=&#8220;20px&#8220; box_shadow_blur=&#8220;30px&#8220; box_shadow_color=&#8220;rgba(173,180,208,0.2)&#8220; title_text=&#8220;27788099_10211071162203960_8676817787340185709_o&#8220; src=&#8220;https:\/\/zubarknm.sk\/wp-content\/uploads\/2024\/08\/27788099_10211071162203960_8676817787340185709_o.jpg&#8220; sticky_enabled=&#8220;0&#8243;][\/et_pb_image][\/et_pb_column][et_pb_column type=&#8220;3_5&#8243; _builder_version=&#8220;3.25&#8243; custom_padding=&#8220;100px|||&#8220; custom_padding_tablet=&#8220;0px||0px|&#8220; custom_padding_last_edited=&#8220;off|desktop&#8220; padding_tablet=&#8220;0px||0px|&#8220; padding_last_edited=&#8220;off|desktop&#8220; custom_padding__hover=&#8220;|||&#8220;][et_pb_text _builder_version=&#8220;4.7.7&#8243; text_font=&#8220;Open Sans||||||||&#8220; text_line_height=&#8220;2em&#8220; header_font=&#8220;||||||||&#8220; header_2_font=&#8220;Cantata One||||||||&#8220; header_2_font_size=&#8220;40px&#8220; header_2_line_height=&#8220;1.4em&#8220; hover_enabled=&#8220;0&#8243; header_2_font_size_tablet=&#8220;35px&#8220; header_2_font_size_phone=&#8220;25px&#8220; header_2_font_size_last_edited=&#8220;on|phone&#8220; header_3_font_size=&#8220;27px&#8220; header_4_font_size=&#8220;20px&#8220; sticky_enabled=&#8220;0&#8243;]<\/p>\n<h2>MDDr. Monika Harvanikov\u00e1<\/h2>\n<h3><strong>Vzdelanie:<\/strong><\/h3>\n<h3><strong>2014-2018\u00a0 \u00a0 \u00a0 \u00a0 \u00a0 \u00a0\u00a0<\/strong><\/h3>\n<h3><strong>Lek\u00e1rska fakulta Univerzity Palack\u00e9ho v Olomouci<\/strong><\/h3>\n<h3><\/h3>\n<p>&nbsp;<\/p>\n<p>[\/et_pb_text][\/et_pb_column][\/et_pb_row][\/et_pb_section]<\/p>","protected":false},"excerpt":{"rendered":"<p>[et_pb_section fb_built=&#8220;1&#8243; admin_label=&#8220;Profile&#8220; _builder_version=&#8220;3.22&#8243; locked=&#8220;off&#8220;][et_pb_row padding_top_bottom_link_2=&#8220;false&#8220; _builder_version=&#8220;4.7.7&#8243; hover_enabled=&#8220;0&#8243; column_structure=&#8220;2_5,3_5&#8243; sticky_enabled=&#8220;0&#8243; custom_padding=&#8220;|0px||||&#8220; custom_margin=&#8220;|474px||auto||&#8220;][et_pb_column type=&#8220;2_5&#8243; _builder_version=&#8220;3.25&#8243; custom_padding=&#8220;|||&#8220; custom_padding__hover=&#8220;|||&#8220;][et_pb_image src=&#8220;https:\/\/zubarknm.sk\/wp-content\/uploads\/2024\/08\/retos-s-mackou.jpg&#8220; align_tablet=&#8220;center&#8220; align_last_edited=&#8220;on|desktop&#8220; _builder_version=&#8220;4.7.7&#8243; custom_margin=&#8220;|0px|185px|||&#8220; hover_enabled=&#8220;0&#8243; border_radii=&#8220;|10vw|10vw|10vw|&#8220; box_shadow_style=&#8220;preset3&#8243; box_shadow_vertical=&#8220;20px&#8220; box_shadow_blur=&#8220;30px&#8220; box_shadow_color=&#8220;rgba(173,180,208,0.2)&#8220; title_text=&#8220;re\u0165o\u0161 s ma\u010dkou&#8220; sticky_enabled=&#8220;0&#8243; custom_padding=&#8220;57px||5px|0px||&#8220; min_height=&#8220;438px&#8220;][\/et_pb_image][\/et_pb_column][et_pb_column type=&#8220;3_5&#8243; _builder_version=&#8220;3.25&#8243; custom_padding=&#8220;100px|||&#8220; custom_padding_tablet=&#8220;0px||0px|&#8220; custom_padding_last_edited=&#8220;off|desktop&#8220; padding_tablet=&#8220;0px||0px|&#8220; padding_last_edited=&#8220;off|desktop&#8220; custom_padding__hover=&#8220;|||&#8220;][et_pb_text _builder_version=&#8220;4.7.7&#8243; text_font=&#8220;Open Sans||||||||&#8220; text_line_height=&#8220;2em&#8220; header_font=&#8220;||||||||&#8220; header_2_font=&#8220;Cantata One||||||||&#8220; header_2_font_size=&#8220;40px&#8220; header_2_line_height=&#8220;1.4em&#8220; hover_enabled=&#8220;0&#8243; header_2_font_size_tablet=&#8220;35px&#8220; header_2_font_size_phone=&#8220;25px&#8220; header_2_font_size_last_edited=&#8220;on|phone&#8220; header_3_font_size=&#8220;27px&#8220; [&hellip;]<\/p>","protected":false},"author":1,"featured_media":0,"parent":0,"menu_order":0,"comment_status":"closed","ping_status":"closed","template":"","meta":{"_et_pb_use_builder":"on","_et_pb_old_content":"","_et_gb_content_width":"","_monsterinsights_skip_tracking":false,"_monsterinsights_sitenote_active":false,"_monsterinsights_sitenote_note":"","_monsterinsights_sitenote_category":0},"aioseo_notices":[],"yoast_head":"<!-- This site is optimized with the Yoast SEO plugin v15.5 - https:\/\/yoast.com\/wordpress\/plugins\/seo\/ -->\n<title>O n\u00e1s - Zubn\u00e1 ambulancia KNM<\/title>\n<meta name=\"robots\" content=\"index, follow, max-snippet:-1, max-image-preview:large, max-video-preview:-1\" \/>\n<link rel=\"canonical\" href=\"https:\/\/zubarknm.sk\/en\/o-nas\/\" \/>\n<meta property=\"og:locale\" content=\"en_GB\" \/>\n<meta property=\"og:type\" content=\"article\" \/>\n<meta property=\"og:title\" content=\"O n\u00e1s - Zubn\u00e1 ambulancia KNM\" \/>\n<meta property=\"og:description\" content=\"[et_pb_section fb_built=&#8220;1&#8243; admin_label=&#8220;Profile&#8220; _builder_version=&#8220;3.22&#8243; locked=&#8220;off&#8220;][et_pb_row padding_top_bottom_link_2=&#8220;false&#8220; _builder_version=&#8220;4.7.7&#8243; hover_enabled=&#8220;0&#8243; column_structure=&#8220;2_5,3_5&#8243; sticky_enabled=&#8220;0&#8243; custom_padding=&#8220;|0px||||&#8220; custom_margin=&#8220;|474px||auto||&#8220;][et_pb_column type=&#8220;2_5&#8243; _builder_version=&#8220;3.25&#8243; custom_padding=&#8220;|||&#8220; custom_padding__hover=&#8220;|||&#8220;][et_pb_image src=&#8220;https:\/\/zubarknm.sk\/wp-content\/uploads\/2024\/08\/retos-s-mackou.jpg&#8220; align_tablet=&#8220;center&#8220; align_last_edited=&#8220;on|desktop&#8220; _builder_version=&#8220;4.7.7&#8243; custom_margin=&#8220;|0px|185px|||&#8220; hover_enabled=&#8220;0&#8243; border_radii=&#8220;|10vw|10vw|10vw|&#8220; box_shadow_style=&#8220;preset3&#8243; box_shadow_vertical=&#8220;20px&#8220; box_shadow_blur=&#8220;30px&#8220; box_shadow_color=&#8220;rgba(173,180,208,0.2)&#8220; title_text=&#8220;re\u0165o\u0161 s ma\u010dkou&#8220; sticky_enabled=&#8220;0&#8243; custom_padding=&#8220;57px||5px|0px||&#8220; min_height=&#8220;438px&#8220;][\/et_pb_image][\/et_pb_column][et_pb_column type=&#8220;3_5&#8243; _builder_version=&#8220;3.25&#8243; custom_padding=&#8220;100px|||&#8220; custom_padding_tablet=&#8220;0px||0px|&#8220; custom_padding_last_edited=&#8220;off|desktop&#8220; padding_tablet=&#8220;0px||0px|&#8220; padding_last_edited=&#8220;off|desktop&#8220; custom_padding__hover=&#8220;|||&#8220;][et_pb_text _builder_version=&#8220;4.7.7&#8243; text_font=&#8220;Open Sans||||||||&#8220; text_line_height=&#8220;2em&#8220; header_font=&#8220;||||||||&#8220; header_2_font=&#8220;Cantata One||||||||&#8220; header_2_font_size=&#8220;40px&#8220; header_2_line_height=&#8220;1.4em&#8220; hover_enabled=&#8220;0&#8243; header_2_font_size_tablet=&#8220;35px&#8220; header_2_font_size_phone=&#8220;25px&#8220; header_2_font_size_last_edited=&#8220;on|phone&#8220; header_3_font_size=&#8220;27px&#8220; [&hellip;]\" \/>\n<meta property=\"og:url\" content=\"https:\/\/zubarknm.sk\/en\/o-nas\/\" \/>\n<meta property=\"og:site_name\" content=\"Zubn\u00e1 ambulancia KNM\" \/>\n<meta property=\"article:modified_time\" content=\"2024-08-05T11:53:52+00:00\" \/>\n<meta name=\"twitter:card\" content=\"summary_large_image\" \/>\n<meta name=\"twitter:label1\" content=\"Estimated reading time\">\n\t<meta name=\"twitter:data1\" content=\"2 minutes\">\n<script type=\"application\/ld+json\" class=\"yoast-schema-graph\">{\"@context\":\"https:\/\/schema.org\",\"@graph\":[{\"@type\":\"WebSite\",\"@id\":\"https:\/\/zubarknm.sk\/#website\",\"url\":\"https:\/\/zubarknm.sk\/\",\"name\":\"Zubn\\u00e1 ambulancia KNM\",\"description\":\"&quot;Za ka\\u017ed\\u00fdm \\u00fasmevom stoja zuby&quot;\",\"potentialAction\":[{\"@type\":\"SearchAction\",\"target\":\"https:\/\/zubarknm.sk\/?s={search_term_string}\",\"query-input\":\"required name=search_term_string\"}],\"inLanguage\":\"en-GB\"},{\"@type\":\"WebPage\",\"@id\":\"https:\/\/zubarknm.sk\/o-nas\/#webpage\",\"url\":\"https:\/\/zubarknm.sk\/o-nas\/\",\"name\":\"O n\\u00e1s - Zubn\\u00e1 ambulancia KNM\",\"isPartOf\":{\"@id\":\"https:\/\/zubarknm.sk\/#website\"},\"datePublished\":\"2023-07-12T17:29:25+00:00\",\"dateModified\":\"2024-08-05T11:53:52+00:00\",\"inLanguage\":\"en-GB\",\"potentialAction\":[{\"@type\":\"ReadAction\",\"target\":[\"https:\/\/zubarknm.sk\/o-nas\/\"]}]}]}<\/script>\n<!-- \/ Yoast SEO plugin. -->","_links":{"self":[{"href":"https:\/\/zubarknm.sk\/en\/wp-json\/wp\/v2\/pages\/205"}],"collection":[{"href":"https:\/\/zubarknm.sk\/en\/wp-json\/wp\/v2\/pages"}],"about":[{"href":"https:\/\/zubarknm.sk\/en\/wp-json\/wp\/v2\/types\/page"}],"author":[{"embeddable":true,"href":"https:\/\/zubarknm.sk\/en\/wp-json\/wp\/v2\/users\/1"}],"replies":[{"embeddable":true,"href":"https:\/\/zubarknm.sk\/en\/wp-json\/wp\/v2\/comments?post=205"}],"version-history":[{"count":5,"href":"https:\/\/zubarknm.sk\/en\/wp-json\/wp\/v2\/pages\/205\/revisions"}],"predecessor-version":[{"id":415,"href":"https:\/\/zubarknm.sk\/en\/wp-json\/wp\/v2\/pages\/205\/revisions\/415"}],"wp:attachment":[{"href":"https:\/\/zubarknm.sk\/en\/wp-json\/wp\/v2\/media?parent=205"}],"curies":[{"name":"wp","href":"https:\/\/api.w.org\/{rel}","templated":true}]}}